{"id":37,"date":"2022-12-19T02:32:04","date_gmt":"2022-12-19T02:32:04","guid":{"rendered":"https:\/\/gaviaspreview.com\/wp\/modins\/?page_id=37"},"modified":"2023-08-01T09:09:59","modified_gmt":"2023-08-01T09:09:59","slug":"insurance","status":"publish","type":"page","link":"https:\/\/www.cabinet-ism.cm\/en\/insurance\/","title":{"rendered":"Insurance"},"content":{"rendered":"<div data-elementor-type=\"wp-page\" data-elementor-id=\"37\" class=\"elementor elementor-37\">\n\t\t\t\t\t\t<section class=\"elementor-section elementor-top-section elementor-element elementor-element-67152ff elementor-section-boxed elementor-section-height-default elementor-section-height-default\" data-id=\"67152ff\" data-element_type=\"section\" data-settings=\"{&quot;background_background&quot;:&quot;slideshow&quot;,&quot;background_slideshow_gallery&quot;:[{&quot;id&quot;:614,&quot;url&quot;:&quot;https:\\\/\\\/www.cabinet-ism.cm\\\/wp-content\\\/uploads\\\/2023\\\/07\\\/KIK8290-scaled.jpg&quot;},{&quot;id&quot;:622,&quot;url&quot;:&quot;https:\\\/\\\/www.cabinet-ism.cm\\\/wp-content\\\/uploads\\\/2023\\\/07\\\/KIK5864-scaled.jpg&quot;},{&quot;id&quot;:617,&quot;url&quot;:&quot;https:\\\/\\\/www.cabinet-ism.cm\\\/wp-content\\\/uploads\\\/2023\\\/07\\\/KIK3012-scaled.jpg&quot;}],&quot;background_slideshow_ken_burns&quot;:&quot;yes&quot;,&quot;background_slideshow_loop&quot;:&quot;yes&quot;,&quot;background_slideshow_slide_duration&quot;:5000,&quot;background_slideshow_slide_transition&quot;:&quot;fade&quot;,&quot;background_slideshow_transition_duration&quot;:500,&quot;background_slideshow_ken_burns_zoom_direction&quot;:&quot;in&quot;}\">\n\t\t\t\t\t\t<div class=\"elementor-container elementor-column-gap-default\">\n\t\t\t\t\t<div class=\"elementor-column elementor-col-100 elementor-top-column elementor-element elementor-element-108d99c\" data-id=\"108d99c\" data-element_type=\"column\">\n\t\t\t<div class=\"elementor-widget-wrap elementor-element-populated\">\n\t\t\t\t\t\t<div class=\"elementor-element elementor-element-07bec2e elementor-widget elementor-widget-gva-heading-block\" data-id=\"07bec2e\" data-element_type=\"widget\" data-widget_type=\"gva-heading-block.default\">\n\t\t\t\t<div class=\"elementor-widget-container\">\n\t\t\t<div class=\"gva-element-gva-heading-block gva-element\">   <div class=\"align-left style-1 widget gsc-heading box-align-left auto-responsive\">\r\n      <div class=\"content-inner\">\r\n         \r\n                  \r\n           \r\n         \r\n                     <h2 class=\"title\">\r\n               <span>Our Training<\/span>\r\n            <\/h2>\r\n                  \r\n                     <div class=\"title-desc\">plus de 20 ans d\u2019exp\u00e9rience<\/div>\r\n         \r\n         \r\n      <\/div>\r\n   <\/div>\r\n<\/div>\t\t<\/div>\n\t\t\t\t<\/div>\n\t\t\t\t\t<\/div>\n\t\t<\/div>\n\t\t\t\t\t<\/div>\n\t\t<\/section>\n\t\t\t\t<section class=\"elementor-section elementor-top-section elementor-element elementor-element-dd07740 elementor-section-boxed elementor-section-height-default elementor-section-height-default\" data-id=\"dd07740\" data-element_type=\"section\">\n\t\t\t\t\t\t<div class=\"elementor-container elementor-column-gap-default\">\n\t\t\t\t\t<div class=\"elementor-column elementor-col-100 elementor-top-column elementor-element elementor-element-1e099e8\" data-id=\"1e099e8\" data-element_type=\"column\">\n\t\t\t<div class=\"elementor-widget-wrap elementor-element-populated\">\n\t\t\t\t\t\t<div class=\"elementor-element elementor-element-afc578d elementor-widget elementor-widget-gva_icon_box_group\" data-id=\"afc578d\" data-element_type=\"widget\" data-widget_type=\"gva_icon_box_group.default\">\n\t\t\t\t<div class=\"elementor-widget-container\">\n\t\t\t<div class=\"gva-element-gva_icon_box_group gva-element\">\r\n<div class=\"gsc-icon-box-group layout-carousel swiper-slider-wrapper\">\r\n   <div class=\"swiper-content-inner\">\r\n      <div class=\"init-carousel-swiper swiper\" data-carousel=\"{&quot;items&quot;:4,&quot;items_lg&quot;:4,&quot;items_md&quot;:3,&quot;items_sm&quot;:3,&quot;items_xs&quot;:2,&quot;items_xx&quot;:2,&quot;effect&quot;:&quot;slide&quot;,&quot;space_between&quot;:30,&quot;loop&quot;:1,&quot;speed&quot;:1200,&quot;autoplay&quot;:1,&quot;autoplay_delay&quot;:5500,&quot;autoplay_hover&quot;:1,&quot;navigation&quot;:1,&quot;pagination&quot;:0,&quot;dynamic_bullets&quot;:0,&quot;pagination_type&quot;:&quot;bullets&quot;}\">\r\n         <div class=\"swiper-wrapper\">\r\n            <div class=\"swiper-slide\">\r\n<div class=\"icon-box-item elementor-repeater-item-2c50c28\">\r\n\t\t<div class=\"iconbox-one__single\"><h3 class=\"iconbox-one__title\">20 ans d\u2019exp\u00e9rience de formation<\/h3><div class=\"iconbox-one__icon\"><i aria-hidden=\"true\" class=\"micon__guarantee\"><\/i><\/div>\t\t  <a href=\"https:\/\/gaviaspreview.com\/wp\/modins\/about\/\" class=\"iconbox-one__link-overlay\">\r\n\t\t\t \t\t  <\/a>\r\n\t\t  <\/div>\r\n\t\t<\/div><\/div><div class=\"swiper-slide\">\r\n<div class=\"icon-box-item elementor-repeater-item-52c7008\">\r\n\t\t<div class=\"iconbox-one__single\"><h3 class=\"iconbox-one__title\">Plus de 1800 cadres form\u00e9s \u00e0 ce jour<\/h3><div class=\"iconbox-one__icon\"><i aria-hidden=\"true\" class=\"micon__life-insurance\"><\/i><\/div>\t\t  <a href=\"https:\/\/gaviaspreview.com\/wp\/modins\/portfolio-01\/\" class=\"iconbox-one__link-overlay\">\r\n\t\t\t \t\t  <\/a>\r\n\t\t  <\/div>\r\n\t\t<\/div><\/div><div class=\"swiper-slide\">\r\n<div class=\"icon-box-item elementor-repeater-item-b50c52e\">\r\n\t\t<div class=\"iconbox-one__single\"><h3 class=\"iconbox-one__title\">150 entreprises clientes<\/h3><div class=\"iconbox-one__icon\"><i aria-hidden=\"true\" class=\"micon__online-registration\"><\/i><\/div>\t\t  <a href=\"https:\/\/gaviaspreview.com\/wp\/modins\/get-a-quote\/\" class=\"iconbox-one__link-overlay\">\r\n\t\t\t \t\t  <\/a>\r\n\t\t  <\/div>\r\n\t\t<\/div><\/div><div class=\"swiper-slide\">\r\n<div class=\"icon-box-item elementor-repeater-item-c492c79\">\r\n\t\t<div class=\"iconbox-one__single\"><h3 class=\"iconbox-one__title\">Plus de 98% d\u2019indice de satisfaction client<\/h3><div class=\"iconbox-one__icon\"><i aria-hidden=\"true\" class=\"micon__insurance\"><\/i><\/div>\t\t  <a href=\"https:\/\/gaviaspreview.com\/wp\/modins\/contact\/\" class=\"iconbox-one__link-overlay\">\r\n\t\t\t \t\t  <\/a>\r\n\t\t  <\/div>\r\n\t\t<\/div><\/div><div class=\"swiper-slide\">\r\n<div class=\"icon-box-item elementor-repeater-item-d833a49\">\r\n\t\t<div class=\"iconbox-one__single\"><h3 class=\"iconbox-one__title\">Afrique de l\u2019Ouest, Afrique Centrale, Afrique de l\u2019Est<\/h3><div class=\"iconbox-one__icon\"><i aria-hidden=\"true\" class=\"micon__save-money\"><\/i><\/div>\t\t  <a href=\"https:\/\/gaviaspreview.com\/wp\/modins\/contact\/\" class=\"iconbox-one__link-overlay\">\r\n\t\t\t \t\t  <\/a>\r\n\t\t  <\/div>\r\n\t\t<\/div><\/div>         <\/div>\r\n      <\/div>\r\n   <\/div>   \r\n   <div class=\"swiper-pagination\"><\/div>   <div class=\"swiper-nav-next\"><\/div><div class=\"swiper-nav-prev\"><\/div><\/div>\r\n<\/div>\t\t<\/div>\n\t\t\t\t<\/div>\n\t\t\t\t\t<\/div>\n\t\t<\/div>\n\t\t\t\t\t<\/div>\n\t\t<\/section>\n\t\t\t\t<section class=\"elementor-section elementor-top-section elementor-element elementor-element-6fde801 elementor-section-boxed elementor-section-height-default elementor-section-height-default\" data-id=\"6fde801\" data-element_type=\"section\" data-settings=\"{&quot;background_background&quot;:&quot;classic&quot;}\">\n\t\t\t\t\t\t<div class=\"elementor-container elementor-column-gap-default\">\n\t\t\t\t\t<div class=\"elementor-column elementor-col-100 elementor-top-column elementor-element elementor-element-24f899f\" data-id=\"24f899f\" data-element_type=\"column\">\n\t\t\t<div class=\"elementor-widget-wrap elementor-element-populated\">\n\t\t\t\t\t\t<div class=\"elementor-element elementor-element-5e89de2 elementor-widget elementor-widget-gva-heading-block\" data-id=\"5e89de2\" data-element_type=\"widget\" data-widget_type=\"gva-heading-block.default\">\n\t\t\t\t<div class=\"elementor-widget-container\">\n\t\t\t<div class=\"gva-element-gva-heading-block gva-element\">   <div class=\"align-center style-1 widget gsc-heading box-align-left auto-responsive\">\r\n      <div class=\"content-inner\">\r\n         \r\n                  \r\n         <div class=\"sub-title\"><span class=\"tagline\">FORMATIONS<\/span><\/div>  \r\n         \r\n                     <h2 class=\"title\">\r\n               <span>Nos formations<\/span>\r\n            <\/h2>\r\n                  \r\n         \r\n         \r\n      <\/div>\r\n   <\/div>\r\n<\/div>\t\t<\/div>\n\t\t\t\t<\/div>\n\t\t\t\t<div class=\"elementor-element elementor-element-04851da elementor-widget elementor-widget-gva_icon_box_group\" data-id=\"04851da\" data-element_type=\"widget\" data-widget_type=\"gva_icon_box_group.default\">\n\t\t\t\t<div class=\"elementor-widget-container\">\n\t\t\t<div class=\"gva-element-gva_icon_box_group gva-element\">\r\n<div class=\"gsc-icon-box-group layout-carousel swiper-slider-wrapper\">\r\n   <div class=\"swiper-content-inner\">\r\n      <div class=\"init-carousel-swiper swiper\" data-carousel=\"{&quot;items&quot;:4,&quot;items_lg&quot;:4,&quot;items_md&quot;:3,&quot;items_sm&quot;:3,&quot;items_xs&quot;:2,&quot;items_xx&quot;:2,&quot;effect&quot;:&quot;slide&quot;,&quot;space_between&quot;:30,&quot;loop&quot;:1,&quot;speed&quot;:1200,&quot;autoplay&quot;:0,&quot;autoplay_delay&quot;:5500,&quot;autoplay_hover&quot;:1,&quot;navigation&quot;:1,&quot;pagination&quot;:0,&quot;dynamic_bullets&quot;:0,&quot;pagination_type&quot;:&quot;bullets&quot;}\">\r\n         <div class=\"swiper-wrapper\">\r\n            <div class=\"swiper-slide\">\r\n<div class=\"icon-box-item elementor-repeater-item-2c50c28\">\r\n\t\t<div class=\"iconbox-one__single\"><h3 class=\"iconbox-one__title\">ASSURANCES CIMA<\/h3><div class=\"iconbox-one__desc\">- Comptabilit\u00e9 \/ Finance<br>\n- Gestion des risques<br>\n- Actuariat<br>\n- R\u00e9assurance<br>\n- R\u00e8glementation CIMA \/ Conformit\u00e9<br>\n- Commercial \/ Marketing<br>\n- Gestion des sinistres \/ Indemnisation<br>\n- Juridique \/ Contentieux<br>\n- RH<\/div><\/div>\r\n\t\t<\/div><\/div><div class=\"swiper-slide\">\r\n<div class=\"icon-box-item elementor-repeater-item-52c7008\">\r\n\t\t<div class=\"iconbox-one__single\"><h3 class=\"iconbox-one__title\">DROIT OHADA<\/h3><div class=\"iconbox-one__desc\">- Recouvrement des cr\u00e9ances<br>\n- Suret\u00e9s personnelles et r\u00e9elles<br>\n- Contentieux bancaire<br>\n- Risques juridiques<br><\/div><\/div>\r\n\t\t<\/div><\/div><div class=\"swiper-slide\">\r\n<div class=\"icon-box-item elementor-repeater-item-b50c52e\">\r\n\t\t<div class=\"iconbox-one__single\"><h3 class=\"iconbox-one__title\">BANQUE<\/h3><div class=\"iconbox-one__desc\">- March\u00e9s financiers et mon\u00e9taires<br>\n- Risk Management<br>\n- Paiement internationaux<br>\n- Comptabilit\u00e9 \/ Finance bancaire<br>\n- Conformit\u00e9 bancaire<br><\/div><\/div>\r\n\t\t<\/div><\/div><div class=\"swiper-slide\">\r\n<div class=\"icon-box-item elementor-repeater-item-d833a49\">\r\n\t\t<div class=\"iconbox-one__single\"><h3 class=\"iconbox-one__title\">AUTRES<\/h3><div class=\"iconbox-one__desc\">- Hygi\u00e8ne \/ Environnement \/ S\u00e9curit\u00e9<br>\n- Finance \/ Comptabilit\u00e9 \/ Fiscalit\u00e9<br>\n- Douane \/ Transit \/ Supply Chain<br>\n- RH<br><\/div>\t\t  <a href=\"#\" class=\"iconbox-one__link-overlay\">\r\n\t\t\t \t\t  <\/a>\r\n\t\t  <\/div>\r\n\t\t<\/div><\/div>         <\/div>\r\n      <\/div>\r\n   <\/div>   \r\n   <div class=\"swiper-pagination\"><\/div>   <div class=\"swiper-nav-next\"><\/div><div class=\"swiper-nav-prev\"><\/div><\/div>\r\n<\/div>\t\t<\/div>\n\t\t\t\t<\/div>\n\t\t\t\t\t<\/div>\n\t\t<\/div>\n\t\t\t\t\t<\/div>\n\t\t<\/section>\n\t\t\t\t<section class=\"elementor-section elementor-top-section elementor-element elementor-element-0164c1a elementor-section-boxed elementor-section-height-default elementor-section-height-default\" data-id=\"0164c1a\" data-element_type=\"section\" data-settings=\"{&quot;background_background&quot;:&quot;classic&quot;}\">\n\t\t\t\t\t\t<div class=\"elementor-container elementor-column-gap-default\">\n\t\t\t\t\t<div class=\"elementor-column elementor-col-100 elementor-top-column elementor-element elementor-element-91c0eec\" data-id=\"91c0eec\" data-element_type=\"column\">\n\t\t\t<div class=\"elementor-widget-wrap elementor-element-populated\">\n\t\t\t\t\t\t<div class=\"elementor-element elementor-element-ed8f54f elementor-widget elementor-widget-gva-heading-block\" data-id=\"ed8f54f\" data-element_type=\"widget\" data-widget_type=\"gva-heading-block.default\">\n\t\t\t\t<div class=\"elementor-widget-container\">\n\t\t\t<div class=\"gva-element-gva-heading-block gva-element\">   <div class=\"align-center style-1 widget gsc-heading box-align-left auto-responsive\">\r\n      <div class=\"content-inner\">\r\n         \r\n                  \r\n         <div class=\"sub-title\"><span class=\"tagline\">OUR SERVICES<\/span><\/div>  \r\n         \r\n                     <h2 class=\"title\">\r\n               <span>International Center for Continuing Education<\/span>\r\n            <\/h2>\r\n                  \r\n         \r\n         \r\n      <\/div>\r\n   <\/div>\r\n<\/div>\t\t<\/div>\n\t\t\t\t<\/div>\n\t\t\t\t<div class=\"elementor-element elementor-element-ed52a88 elementor-widget elementor-widget-gva-services\" data-id=\"ed52a88\" data-element_type=\"widget\" data-widget_type=\"gva-services.default\">\n\t\t\t\t<div class=\"elementor-widget-container\">\n\t\t\t<div class=\"gva-element-gva-services gva-element\">\r\n<div class=\"gsc-services layout-grid\">\r\n   <div class=\"lg-block-grid-4 md-block-grid-3 sm-block-grid-3 xs-block-grid-2 xx-block-grid-2\">\r\n      <div class=\"item-columns\">\r\n\t\r\n\r\n\r\n\r\n<div class=\"service-four__single\"><div class=\"service-four__image\"><img decoding=\"async\" src=\"https:\/\/www.cabinet-ism.cm\/wp-content\/uploads\/2023\/07\/KIK8253-scaled.jpg\" alt=\"S\u00e9minaires en Inter-entreprises\"\/><\/div><div class=\"service-four__content\"><div class=\"service-four__content-inner\"><span class=\"service-four__icon\"><span class=\"service-four__icon-inner\"><i aria-hidden=\"true\" class=\"far fa-chart-bar\"><\/i><\/span><\/span><h4 class=\"service-four__title\"><span>S\u00e9minaires en Inter-entreprises<\/span><\/h4><div class=\"service-four__desc\">Nous organisons des s\u00e9minaires en interentreprises portant sur des th\u00e8mes tr\u00e8s vari\u00e9s\n\n<\/div><\/div><\/div><\/div><\/div><div class=\"item-columns\">\r\n\t\r\n\r\n\r\n\r\n<div class=\"service-four__single\"><div class=\"service-four__image\"><img decoding=\"async\" src=\"https:\/\/www.cabinet-ism.cm\/wp-content\/uploads\/2023\/07\/KIK2832-scaled.jpg\" alt=\"S\u00e9minaires en Intra-entreprises\"\/><\/div><div class=\"service-four__content\"><div class=\"service-four__content-inner\"><span class=\"service-four__icon\"><span class=\"service-four__icon-inner\"><i aria-hidden=\"true\" class=\"micon__online-registration\"><\/i><\/span><\/span><h4 class=\"service-four__title\"><span>S\u00e9minaires en Intra-entreprises<\/span><\/h4><div class=\"service-four__desc\">La formation en intra entreprise est organis\u00e9e seulement pour le compte d\u2019un client unique.<\/div><\/div><\/div><\/div><\/div><div class=\"item-columns\">\r\n\t\r\n\r\n\r\n\r\n<div class=\"service-four__single\"><div class=\"service-four__image\"><img decoding=\"async\" src=\"https:\/\/www.cabinet-ism.cm\/wp-content\/uploads\/2023\/07\/KIK3012-scaled.jpg\" alt=\"Ing\u00e9nierie et conseil en formation\"\/><\/div><div class=\"service-four__content\"><div class=\"service-four__content-inner\"><span class=\"service-four__icon\"><span class=\"service-four__icon-inner\"><i aria-hidden=\"true\" class=\"micon__cross\"><\/i><\/span><\/span><h4 class=\"service-four__title\"><span>Engineering and training consultancy<\/span><\/h4><div class=\"service-four__desc\">optimize the training activity (Analysis, design, implementation and evaluation)<\/div><\/div><\/div><\/div><\/div><div class=\"item-columns\">\r\n\t\r\n\r\n\r\n\r\n<div class=\"service-four__single\"><div class=\"service-four__image\"><img decoding=\"async\" src=\"https:\/\/www.cabinet-ism.cm\/wp-content\/uploads\/2022\/12\/1657556932602.jpg\" alt=\"Formation\"\/><\/div><div class=\"service-four__content\"><div class=\"service-four__content-inner\"><span class=\"service-four__icon\"><span class=\"service-four__icon-inner\"><i aria-hidden=\"true\" class=\"micon__fire1\"><\/i><\/span><\/span><h4 class=\"service-four__title\"><span>Training<\/span><\/h4><div class=\"service-four__desc\"> Nos programmes sont bas\u00e9s sur un contenu pertinent, r\u00e9pondant parfaitement aux attentes de nos clients.<\/div><\/div><\/div><\/div><\/div>   <\/div>\r\n<\/div>\r\n<\/div>\t\t<\/div>\n\t\t\t\t<\/div>\n\t\t\t\t\t<\/div>\n\t\t<\/div>\n\t\t\t\t\t<\/div>\n\t\t<\/section>\n\t\t\t\t<section class=\"elementor-section elementor-top-section elementor-element elementor-element-c6640ea elementor-section-boxed elementor-section-height-default elementor-section-height-default\" data-id=\"c6640ea\" data-element_type=\"section\">\n\t\t\t\t\t\t<div class=\"elementor-container elementor-column-gap-default\">\n\t\t\t\t\t<div class=\"elementor-column elementor-col-50 elementor-top-column elementor-element elementor-element-e0f5378\" data-id=\"e0f5378\" data-element_type=\"column\" data-settings=\"{&quot;background_background&quot;:&quot;classic&quot;}\">\n\t\t\t<div class=\"elementor-widget-wrap elementor-element-populated\">\n\t\t\t\t\t\t<div class=\"elementor-element elementor-element-c609c09 elementor-widget elementor-widget-spacer\" data-id=\"c609c09\" data-element_type=\"widget\" data-widget_type=\"spacer.default\">\n\t\t\t\t<div class=\"elementor-widget-container\">\n\t\t\t<style>\/*! elementor - v3.21.0 - 15-04-2024 *\/\n.elementor-column .elementor-spacer-inner{height:var(--spacer-size)}.e-con{--container-widget-width:100%}.e-con-inner>.elementor-widget-spacer,.e-con>.elementor-widget-spacer{width:var(--container-widget-width,var(--spacer-size));--align-self:var(--container-widget-align-self,initial);--flex-shrink:0}.e-con-inner>.elementor-widget-spacer>.elementor-widget-container,.e-con>.elementor-widget-spacer>.elementor-widget-container{height:100%;width:100%}.e-con-inner>.elementor-widget-spacer>.elementor-widget-container>.elementor-spacer,.e-con>.elementor-widget-spacer>.elementor-widget-container>.elementor-spacer{height:100%}.e-con-inner>.elementor-widget-spacer>.elementor-widget-container>.elementor-spacer>.elementor-spacer-inner,.e-con>.elementor-widget-spacer>.elementor-widget-container>.elementor-spacer>.elementor-spacer-inner{height:var(--container-widget-height,var(--spacer-size))}.e-con-inner>.elementor-widget-spacer.elementor-widget-empty,.e-con>.elementor-widget-spacer.elementor-widget-empty{position:relative;min-height:22px;min-width:22px}.e-con-inner>.elementor-widget-spacer.elementor-widget-empty .elementor-widget-empty-icon,.e-con>.elementor-widget-spacer.elementor-widget-empty .elementor-widget-empty-icon{position:absolute;top:0;bottom:0;left:0;right:0;margin:auto;padding:0;width:22px;height:22px}<\/style>\t\t<div class=\"elementor-spacer\">\n\t\t\t<div class=\"elementor-spacer-inner\"><\/div>\n\t\t<\/div>\n\t\t\t\t<\/div>\n\t\t\t\t<\/div>\n\t\t\t\t\t<\/div>\n\t\t<\/div>\n\t\t\t\t<div class=\"elementor-column elementor-col-50 elementor-top-column elementor-element elementor-element-919ea17\" data-id=\"919ea17\" data-element_type=\"column\" data-settings=\"{&quot;background_background&quot;:&quot;gradient&quot;}\">\n\t\t\t<div class=\"elementor-widget-wrap elementor-element-populated\">\n\t\t\t\t\t<div class=\"elementor-background-overlay\"><\/div>\n\t\t\t\t\t\t<div class=\"elementor-element elementor-element-6bcafc7 elementor-widget elementor-widget-heading\" data-id=\"6bcafc7\" data-element_type=\"widget\" data-widget_type=\"heading.default\">\n\t\t\t\t<div class=\"elementor-widget-container\">\n\t\t\t<style>\/*! elementor - v3.21.0 - 15-04-2024 *\/\n.elementor-heading-title{padding:0;margin:0;line-height:1}.elementor-widget-heading .elementor-heading-title[class*=elementor-size-]>a{color:inherit;font-size:inherit;line-height:inherit}.elementor-widget-heading .elementor-heading-title.elementor-size-small{font-size:15px}.elementor-widget-heading .elementor-heading-title.elementor-size-medium{font-size:19px}.elementor-widget-heading .elementor-heading-title.elementor-size-large{font-size:29px}.elementor-widget-heading .elementor-heading-title.elementor-size-xl{font-size:39px}.elementor-widget-heading .elementor-heading-title.elementor-size-xxl{font-size:59px}<\/style><h2 class=\"elementor-heading-title elementor-size-default\">Pourquoi nous choisir<\/h2>\t\t<\/div>\n\t\t\t\t<\/div>\n\t\t\t\t<div class=\"elementor-element elementor-element-ba27150 elementor-icon-list--layout-traditional elementor-list-item-link-full_width elementor-widget elementor-widget-icon-list\" data-id=\"ba27150\" data-element_type=\"widget\" data-widget_type=\"icon-list.default\">\n\t\t\t\t<div class=\"elementor-widget-container\">\n\t\t\t<link rel=\"stylesheet\" href=\"https:\/\/www.cabinet-ism.cm\/wp-content\/plugins\/elementor\/assets\/css\/widget-icon-list.min.css\">\t\t<ul class=\"elementor-icon-list-items\">\n\t\t\t\t\t\t\t<li class=\"elementor-icon-list-item\">\n\t\t\t\t\t\t\t\t\t\t\t<span class=\"elementor-icon-list-icon\">\n\t\t\t\t\t\t\t<i aria-hidden=\"true\" class=\"fas fa-check-circle\"><\/i>\t\t\t\t\t\t<\/span>\n\t\t\t\t\t\t\t\t\t\t<span class=\"elementor-icon-list-text\">Propose une offre multimodale et flexible\u00a0:<\/span>\n\t\t\t\t\t\t\t\t\t<\/li>\n\t\t\t\t\t\t\t\t<li class=\"elementor-icon-list-item\">\n\t\t\t\t\t\t\t\t\t\t\t<span class=\"elementor-icon-list-icon\">\n\t\t\t\t\t\t\t<i aria-hidden=\"true\" class=\"fas fa-check-circle\"><\/i>\t\t\t\t\t\t<\/span>\n\t\t\t\t\t\t\t\t\t\t<span class=\"elementor-icon-list-text\">Nos formations sont \u00e9galement disponibles en intra-entreprise et sur mesure<\/span>\n\t\t\t\t\t\t\t\t\t<\/li>\n\t\t\t\t\t\t\t\t<li class=\"elementor-icon-list-item\">\n\t\t\t\t\t\t\t\t\t\t\t<span class=\"elementor-icon-list-icon\">\n\t\t\t\t\t\t\t<i aria-hidden=\"true\" class=\"fas fa-check-circle\"><\/i>\t\t\t\t\t\t<\/span>\n\t\t\t\t\t\t\t\t\t\t<span class=\"elementor-icon-list-text\">Garantit le d\u00e9veloppement des comp\u00e9tences par la qualit\u00e9 de ses formations<\/span>\n\t\t\t\t\t\t\t\t\t<\/li>\n\t\t\t\t\t\t<\/ul>\n\t\t\t\t<\/div>\n\t\t\t\t<\/div>\n\t\t\t\t\t<\/div>\n\t\t<\/div>\n\t\t\t\t\t<\/div>\n\t\t<\/section>\n\t\t\t\t<\/div>","protected":false},"excerpt":{"rendered":"<p>Nos Formations plus de 20 ans d\u2019exp\u00e9rience 20 ans d\u2019exp\u00e9rience de formation Plus de 1800 cadres form\u00e9s \u00e0 ce jour 150 entreprises clientes Plus de 98% d\u2019indice de satisfaction client [&hellip;]<\/p>","protected":false},"author":1,"featured_media":0,"parent":0,"menu_order":0,"comment_status":"closed","ping_status":"closed","template":"","meta":{"footnotes":""},"class_list":["post-37","page","type-page","status-publish","hentry"],"_links":{"self":[{"href":"https:\/\/www.cabinet-ism.cm\/en\/wp-json\/wp\/v2\/pages\/37","targetHints":{"allow":["GET"]}}],"collection":[{"href":"https:\/\/www.cabinet-ism.cm\/en\/wp-json\/wp\/v2\/pages"}],"about":[{"href":"https:\/\/www.cabinet-ism.cm\/en\/wp-json\/wp\/v2\/types\/page"}],"author":[{"embeddable":true,"href":"https:\/\/www.cabinet-ism.cm\/en\/wp-json\/wp\/v2\/users\/1"}],"replies":[{"embeddable":true,"href":"https:\/\/www.cabinet-ism.cm\/en\/wp-json\/wp\/v2\/comments?post=37"}],"version-history":[{"count":18,"href":"https:\/\/www.cabinet-ism.cm\/en\/wp-json\/wp\/v2\/pages\/37\/revisions"}],"predecessor-version":[{"id":806,"href":"https:\/\/www.cabinet-ism.cm\/en\/wp-json\/wp\/v2\/pages\/37\/revisions\/806"}],"wp:attachment":[{"href":"https:\/\/www.cabinet-ism.cm\/en\/wp-json\/wp\/v2\/media?parent=37"}],"curies":[{"name":"wp","href":"https:\/\/api.w.org\/{rel}","templated":true}]}}